{"id":367,"date":"2024-05-29T22:50:27","date_gmt":"2024-05-29T20:50:27","guid":{"rendered":"https:\/\/pantiestories.com\/?post_type=product&#038;p=367"},"modified":"2026-01-03T18:02:38","modified_gmt":"2026-01-03T17:02:38","slug":"jai-porte-ma-petite-culotte-blanche-pendant-2-jours","status":"publish","type":"product","link":"https:\/\/pantiestories.com\/index.php\/produit\/jai-porte-ma-petite-culotte-blanche-pendant-2-jours\/","title":{"rendered":"J&rsquo;ai port\u00e9 ma petite culotte blanche pendant 2 jours"},"content":{"rendered":"<p>Ce matin-l\u00e0, j&rsquo;ai choisi ma culotte blanche pr\u00e9f\u00e9r\u00e9e. Elle est simple, en coton, et incroyablement confortable. Je l&rsquo;ai mise et j&rsquo;ai commenc\u00e9 ma journ\u00e9e comme d&rsquo;habitude. Le travail \u00e9tait intense. Entre les r\u00e9unions et les dossiers \u00e0 traiter, je me sentais vraiment occup\u00e9e.<\/p>\n<p>Pendant une r\u00e9union interminable, j&rsquo;ai senti l&rsquo;urgence d&rsquo;aller aux toilettes. Mais je ne pouvais pas quitter la salle. Finalement, quelques gouttes d&rsquo;urine ont impr\u00e9gn\u00e9 ma culotte. C&rsquo;\u00e9tait g\u00eanant, mais je me suis ressaisie rapidement. Une fois la r\u00e9union termin\u00e9e, je me suis pr\u00e9cipit\u00e9e aux toilettes pour me nettoyer. J&rsquo;ai remarqu\u00e9 que mes s\u00e9cr\u00e9tions vaginales avaient d\u00e9j\u00e0 laiss\u00e9 une odeur distincte sur la culotte. Malgr\u00e9 cela, je l&rsquo;ai remise, n&rsquo;ayant pas d&rsquo;autre option sur moi.<\/p>\n<p>Le soir, je suis rentr\u00e9e chez moi, \u00e9puis\u00e9e mais satisfaite de ma journ\u00e9e. J&rsquo;ai pr\u00e9par\u00e9 un d\u00eener l\u00e9ger et je me suis install\u00e9e avec un bon livre. Ma culotte blanche \u00e9tait toujours confortable, m\u00eame apr\u00e8s une journ\u00e9e aussi longue. Alors que je lisais, j&rsquo;ai remarqu\u00e9 l&rsquo;odeur plus prononc\u00e9e de mes s\u00e9cr\u00e9tions m\u00e9lang\u00e9es \u00e0 l&rsquo;urine. C&rsquo;\u00e9tait une odeur forte mais \u00e9trangement famili\u00e8re.<\/p>\n<p>Le lendemain, je me suis r\u00e9veill\u00e9e repos\u00e9e et pleine d&rsquo;\u00e9nergie pour le week-end. J&rsquo;ai d\u00e9cid\u00e9 de garder la m\u00eame culotte blanche. Apr\u00e8s une douche rapide, j&rsquo;ai mis un jean et un t-shirt et j&rsquo;ai rejoint mes amis \u00e0 la plage. C&rsquo;\u00e9tait une journ\u00e9e magnifique, et le sable sous mes pieds me faisait me sentir libre et connect\u00e9e \u00e0 la nature.<\/p>\n<p>A suivre&#8230;<\/p>\n","protected":false},"excerpt":{"rendered":"<p>Ce matin-l\u00e0, j&rsquo;ai choisi ma culotte blanche pr\u00e9f\u00e9r\u00e9e. Elle est simple, en coton, et incroyablement confortable. Je l&rsquo;ai mise et j&rsquo;ai commenc\u00e9 ma journ\u00e9e comme d&rsquo;habitude. Le travail \u00e9tait intense. Entre les r\u00e9unions et les dossiers \u00e0 traiter, je me sentais vraiment occup\u00e9e.<\/p>\n","protected":false},"featured_media":368,"comment_status":"open","ping_status":"closed","template":"","meta":[],"product_brand":[],"product_cat":[66],"product_tag":[],"class_list":{"0":"post-367","1":"product","2":"type-product","3":"status-publish","4":"has-post-thumbnail","6":"product_cat-culotte-portee","8":"first","9":"instock","10":"featured","11":"shipping-taxable","12":"purchasable","13":"product-type-simple"},"_links":{"self":[{"href":"https:\/\/pantiestories.com\/index.php\/wp-json\/wp\/v2\/product\/367","targetHints":{"allow":["GET"]}}],"collection":[{"href":"https:\/\/pantiestories.com\/index.php\/wp-json\/wp\/v2\/product"}],"about":[{"href":"https:\/\/pantiestories.com\/index.php\/wp-json\/wp\/v2\/types\/product"}],"replies":[{"embeddable":true,"href":"https:\/\/pantiestories.com\/index.php\/wp-json\/wp\/v2\/comments?post=367"}],"version-history":[{"count":2,"href":"https:\/\/pantiestories.com\/index.php\/wp-json\/wp\/v2\/product\/367\/revisions"}],"predecessor-version":[{"id":492,"href":"https:\/\/pantiestories.com\/index.php\/wp-json\/wp\/v2\/product\/367\/revisions\/492"}],"wp:featuredmedia":[{"embeddable":true,"href":"https:\/\/pantiestories.com\/index.php\/wp-json\/wp\/v2\/media\/368"}],"wp:attachment":[{"href":"https:\/\/pantiestories.com\/index.php\/wp-json\/wp\/v2\/media?parent=367"}],"wp:term":[{"taxonomy":"product_brand","embeddable":true,"href":"https:\/\/pantiestories.com\/index.php\/wp-json\/wp\/v2\/product_brand?post=367"},{"taxonomy":"product_cat","embeddable":true,"href":"https:\/\/pantiestories.com\/index.php\/wp-json\/wp\/v2\/product_cat?post=367"},{"taxonomy":"product_tag","embeddable":true,"href":"https:\/\/pantiestories.com\/index.php\/wp-json\/wp\/v2\/product_tag?post=367"}],"curies":[{"name":"wp","href":"https:\/\/api.w.org\/{rel}","templated":true}]}}