{"id":590,"date":"2024-09-04T23:07:44","date_gmt":"2024-09-04T21:07:44","guid":{"rendered":"https:\/\/pantiestories.com\/?page_id=590"},"modified":"2024-09-08T15:59:13","modified_gmt":"2024-09-08T13:59:13","slug":"politique-legale-de-pantiestories-com-clarification-des-activites","status":"publish","type":"page","link":"https:\/\/pantiestories.com\/index.php\/politique-legale-de-pantiestories-com-clarification-des-activites\/","title":{"rendered":"Politique l\u00e9gale de Pantiestories.com : clarification des activit\u00e9s"},"content":{"rendered":"\t\t<div data-elementor-type=\"wp-page\" data-elementor-id=\"590\" class=\"elementor elementor-590\" data-elementor-post-type=\"page\">\n\t\t\t\t<div class=\"elementor-element elementor-element-5a8973a0 e-flex e-con-boxed e-con e-parent\" data-id=\"5a8973a0\" data-element_type=\"container\" data-e-type=\"container\">\n\t\t\t\t\t<div class=\"e-con-inner\">\n\t\t\t\t<div class=\"elementor-element elementor-element-773f5ca5 elementor-widget elementor-widget-text-editor\" data-id=\"773f5ca5\" data-element_type=\"widget\" data-e-type=\"widget\" data-widget_type=\"text-editor.default\">\n\t\t\t\t<div class=\"elementor-widget-container\">\n\t\t\t\t\t\t\t\t\t<h1>Politique l\u00e9gale de Pantiestories.com : clarification des activit\u00e9s<\/h1><p>\u00a0<\/p><p>Chez <strong>Pantiestories.com<\/strong>, nous sommes soucieux de respecter la l\u00e9gislation et d\u2019op\u00e9rer dans un cadre l\u00e9gal strict. L&rsquo;activit\u00e9 du site est enti\u00e8rement d\u00e9di\u00e9e \u00e0 la vente de sous-v\u00eatements port\u00e9s avec des options de personnalisation sc\u00e9naristique. Il est essentiel de souligner que nous ne sommes en aucun cas associ\u00e9s \u00e0 des activit\u00e9s ill\u00e9gales telles que la prostitution. Voici une explication d\u00e9taill\u00e9e de notre fonctionnement et des garanties l\u00e9gales qui l\u2019encadrent.<\/p><h5>Nature de l&rsquo;activit\u00e9 de Pantiestories.com<\/h5><p>Sur <strong>Pantiestories.com<\/strong>, nous vendons des sous-v\u00eatements port\u00e9s accompagn\u00e9s de contenus personnalis\u00e9s tels que des histoires, photos ou vid\u00e9os. L&rsquo;accent est mis sur la personnalisation d\u2019articles de lingerie, en proposant des sc\u00e9narios imaginatifs ou romanc\u00e9s. Aucune interaction physique ou service sexuel n\u2019est fourni, ni ne fait partie de nos offres.<\/p><p>Les sous-v\u00eatements vendus sur notre site sont des biens mat\u00e9riels \u00e0 part enti\u00e8re. Leur dimension f\u00e9tichiste repose uniquement sur l\u2019objet, accompagn\u00e9 d\u2019une touche d\u2019histoire, ce qui en fait un produit cr\u00e9atif et non une prestation de nature sexuelle.<\/p><h5>Absence de prostitution ou de contenu pornographique<\/h5><p>Contrairement \u00e0 la prostitution, qui implique un \u00e9change de services sexuels contre r\u00e9mun\u00e9ration, <strong>Pantiestories.com<\/strong> propose uniquement la vente de produits mat\u00e9riels. En aucun cas, nous n&rsquo;offrons de relations ou de services sexuels.<\/p><p>Les photos et vid\u00e9os propos\u00e9es sur le site sont strictement non explicites. Le focus est mis sur les sous-v\u00eatements, avec une approche sensuelle mais jamais pornographique. Nous nous assurons de rester en conformit\u00e9 avec les normes de d\u00e9cence et les lois locales en mati\u00e8re de contenu.<\/p><h5>Protection des droits des personnes impliqu\u00e9es<\/h5><p>Toutes les personnes pr\u00e9sentes sur <strong>Pantiestories.com<\/strong> participent volontairement et avec un consentement \u00e9clair\u00e9. Elles sont pleinement conscientes du cadre l\u00e9gal de leur participation et b\u00e9n\u00e9ficient d\u2019une r\u00e9mun\u00e9ration en tant que cr\u00e9atrices de contenu ou mod\u00e8les.<\/p><p>Le contenu publi\u00e9 sur le site, bien qu\u2019il puisse \u00e9voquer la sensualit\u00e9, ne transgresse pas les limites l\u00e9gales et reste dans le domaine de la vente de produits f\u00e9tichistes et artistiques. Il n\u2019y a aucun acte sexuel ni prestation qui puisse \u00eatre assimil\u00e9 \u00e0 de la prostitution.<\/p><h5>Respect de la vie priv\u00e9e et consentement<\/h5><p><strong>Pantiestories.com<\/strong> respecte pleinement la vie priv\u00e9e de ses participants et de ses clients. Chaque contenu est cr\u00e9\u00e9 avec le consentement libre et volontaire des participants. Aucune information personnelle n\u2019est diffus\u00e9e sans l&rsquo;accord explicite des parties concern\u00e9es.<\/p><p>Nous appliquons une politique de confidentialit\u00e9 stricte pour prot\u00e9ger les donn\u00e9es personnelles de nos clients. Toutes les transactions sont r\u00e9alis\u00e9es de mani\u00e8re s\u00e9curis\u00e9e, et les informations des utilisateurs ne sont pas partag\u00e9es avec des tiers.<\/p><h5>Le cadre l\u00e9gal des produits f\u00e9tichistes<\/h5><p>La vente de sous-v\u00eatements port\u00e9s fait partie du secteur des produits f\u00e9tichistes, un march\u00e9 l\u00e9gal \u00e0 condition qu&rsquo;il respecte certains principes fondamentaux :<\/p><ul><li><strong>Aucune activit\u00e9 ill\u00e9gale<\/strong> : Le produit vendu est un objet mat\u00e9riel, et en aucun cas un service sexuel.<\/li><li><strong>Conformit\u00e9 aux lois locales et internationales<\/strong> : Nous op\u00e9rons dans le strict respect des r\u00e9glementations en mati\u00e8re de commerce, de protection des consommateurs et de la vie priv\u00e9e.<\/li><li><strong>Consentement et libert\u00e9 des participants<\/strong> : Chaque personne impliqu\u00e9e dans la cr\u00e9ation de contenu sur le site agit de son plein gr\u00e9, sans pression ni contrainte.<\/li><\/ul><h5>Livraison discr\u00e8te et en conformit\u00e9 avec les douanes<\/h5><p>Nous comprenons l&rsquo;importance de la discr\u00e9tion pour nos clients. C\u2019est pourquoi nous mettons un point d&rsquo;honneur \u00e0 livrer chaque produit dans des emballages neutres et discrets. Toutes les commandes sont exp\u00e9di\u00e9es conform\u00e9ment aux r\u00e9glementations douani\u00e8res des pays concern\u00e9s, garantissant ainsi la l\u00e9galit\u00e9 des envois internationaux.<\/p><h5>Respect des lois sur le commerce en ligne<\/h5><p><strong>Pantiestories.com<\/strong> est une plateforme de commerce en ligne op\u00e9rant selon les lois relatives \u00e0 la vente \u00e0 distance et \u00e0 la consommation. Nous appliquons strictement les normes encadrant la vente de produits en ligne, incluant la pr\u00e9sentation claire des prix, le droit de r\u00e9tractation et les modalit\u00e9s de paiement.<\/p><p>Notre politique de retour et d&rsquo;\u00e9change respecte \u00e9galement les lois en vigueur, bien que, pour des raisons d&rsquo;hygi\u00e8ne, certains produits puissent \u00eatre exclus du droit de r\u00e9tractation, comme le stipulent les directives europ\u00e9ennes.<\/p><h5>\u00c2ge l\u00e9gal des participants et des clients<\/h5><p>Tous les participants \u00e0 la cr\u00e9ation de contenu sur <strong>Pantiestories.com<\/strong> sont des adultes \u00e2g\u00e9s de plus de 18 ans. De plus, nous exigeons que tous nos clients soient \u00e9galement majeurs et qu&rsquo;ils puissent attester de leur \u00e2ge lors de l&rsquo;achat. Nous prenons cette mesure pour respecter les r\u00e9glementations en mati\u00e8re de protection des mineurs et garantir un environnement conforme \u00e0 la loi.<\/p><h5>Conformit\u00e9 avec la l\u00e9gislation fiscale<\/h5><p>Nous d\u00e9clarons nos activit\u00e9s commerciales dans le cadre des lois fiscales en vigueur dans les pays o\u00f9 nous op\u00e9rons. Les ventes r\u00e9alis\u00e9es via <strong>Pantiestories.com<\/strong> sont soumises aux taxes applicables et aux obligations fiscales propres \u00e0 chaque pays, y compris la TVA lorsque cela est requis.<\/p><h5>Garantie de conformit\u00e9 \u00e9thique<\/h5><p>Bien que notre activit\u00e9 repose sur un march\u00e9 f\u00e9tichiste, nous nous engageons \u00e0 maintenir une \u00e9thique irr\u00e9prochable. Nous veillons \u00e0 ce que toutes les communications et interactions avec nos clients soient transparentes, respectueuses et l\u00e9gales. Notre objectif est de cr\u00e9er une plateforme de confiance, o\u00f9 la cr\u00e9ativit\u00e9 et l\u2019exp\u00e9rience sensuelle se combinent dans un cadre parfaitement l\u00e9gal.<\/p><h5>Conclusion<\/h5><p>En r\u00e9sum\u00e9, <strong>Pantiestories.com<\/strong> respecte pleinement la l\u00e9gislation applicable au commerce en ligne, \u00e0 la protection des donn\u00e9es personnelles et aux r\u00e8gles fiscales. Nous ne proposons ni n\u2019encourageons aucune forme de prostitution ou d\u2019activit\u00e9 ill\u00e9gale. Nos produits sont des biens mat\u00e9riels personnalis\u00e9s et vendus dans un cadre strictement l\u00e9gal et transparent.<\/p><p>Pour toute question suppl\u00e9mentaire ou clarification, nous vous invitons \u00e0 nous contacter directement \u00e0 [email].<\/p>\t\t\t\t\t\t\t\t<\/div>\n\t\t\t\t<\/div>\n\t\t\t\t\t<\/div>\n\t\t\t\t<\/div>\n\t\t\t\t<\/div>\n\t\t","protected":false},"excerpt":{"rendered":"<p>Politique l\u00e9gale de Pantiestories.com : clarification des activit\u00e9s \u00a0 Chez Pantiestories.com, nous sommes soucieux de respecter la l\u00e9gislation et d\u2019op\u00e9rer dans un cadre l\u00e9gal strict. L&rsquo;activit\u00e9 du site est enti\u00e8rement d\u00e9di\u00e9e \u00e0 la vente de sous-v\u00eatements port\u00e9s avec des options de personnalisation sc\u00e9naristique. Il est essentiel de souligner que nous ne sommes en aucun cas [&hellip;]<\/p>\n","protected":false},"author":1,"featured_media":0,"parent":0,"menu_order":0,"comment_status":"closed","ping_status":"closed","template":"","meta":{"footnotes":""},"class_list":["post-590","page","type-page","status-publish","hentry"],"_links":{"self":[{"href":"https:\/\/pantiestories.com\/index.php\/wp-json\/wp\/v2\/pages\/590","targetHints":{"allow":["GET"]}}],"collection":[{"href":"https:\/\/pantiestories.com\/index.php\/wp-json\/wp\/v2\/pages"}],"about":[{"href":"https:\/\/pantiestories.com\/index.php\/wp-json\/wp\/v2\/types\/page"}],"author":[{"embeddable":true,"href":"https:\/\/pantiestories.com\/index.php\/wp-json\/wp\/v2\/users\/1"}],"replies":[{"embeddable":true,"href":"https:\/\/pantiestories.com\/index.php\/wp-json\/wp\/v2\/comments?post=590"}],"version-history":[{"count":7,"href":"https:\/\/pantiestories.com\/index.php\/wp-json\/wp\/v2\/pages\/590\/revisions"}],"predecessor-version":[{"id":612,"href":"https:\/\/pantiestories.com\/index.php\/wp-json\/wp\/v2\/pages\/590\/revisions\/612"}],"wp:attachment":[{"href":"https:\/\/pantiestories.com\/index.php\/wp-json\/wp\/v2\/media?parent=590"}],"curies":[{"name":"wp","href":"https:\/\/api.w.org\/{rel}","templated":true}]}}