{"id":583,"date":"2024-09-04T22:58:05","date_gmt":"2024-09-04T20:58:05","guid":{"rendered":"https:\/\/pantiestories.com\/?page_id=583"},"modified":"2024-09-08T16:09:05","modified_gmt":"2024-09-08T14:09:05","slug":"politique-de-livraison","status":"publish","type":"page","link":"https:\/\/pantiestories.com\/index.php\/politique-de-livraison\/","title":{"rendered":"Politique de livraison"},"content":{"rendered":"\t\t<div data-elementor-type=\"wp-page\" data-elementor-id=\"583\" class=\"elementor elementor-583\" data-elementor-post-type=\"page\">\n\t\t\t\t<div class=\"elementor-element elementor-element-2da90a82 e-flex e-con-boxed e-con e-parent\" data-id=\"2da90a82\" data-element_type=\"container\" data-e-type=\"container\">\n\t\t\t\t\t<div class=\"e-con-inner\">\n\t\t\t\t<div class=\"elementor-element elementor-element-2694dbd8 elementor-widget elementor-widget-text-editor\" data-id=\"2694dbd8\" data-element_type=\"widget\" data-e-type=\"widget\" data-widget_type=\"text-editor.default\">\n\t\t\t\t<div class=\"elementor-widget-container\">\n\t\t\t\t\t\t\t\t\t<h1>Politique de livraison<\/h1><p>La livraison est un \u00e9l\u00e9ment essentiel de notre service chez <strong>Pantiestories.com<\/strong>. Voici les d\u00e9tails sur la mani\u00e8re dont nous traitons et livrons vos commandes.<\/p><h5>Article 1 \u2013 D\u00e9lais de livraison<\/h5><p>Nous exp\u00e9dions les commandes toutes les trois semaines depuis la France, apr\u00e8s que les culottes ont \u00e9t\u00e9 pr\u00e9par\u00e9es en Isra\u00ebl. Les d\u00e9lais de livraison peuvent varier en fonction de votre lieu de r\u00e9sidence.<\/p><ul><li><strong>France<\/strong> : 3 \u00e0 5 jours ouvr\u00e9s apr\u00e8s exp\u00e9dition<\/li><li><strong>Europe<\/strong> : 5 \u00e0 10 jours ouvr\u00e9s<\/li><li><strong>International<\/strong> : 10 \u00e0 15 jours ouvr\u00e9s<\/li><\/ul><h5>Article 2 \u2013 Frais de livraison<\/h5><p>Les frais de livraison varient en fonction du pays de destination et du mode d\u2019exp\u00e9dition choisi. Un tarif fixe est appliqu\u00e9 pour la livraison en France, tandis que des frais suppl\u00e9mentaires peuvent s\u2019appliquer pour les livraisons internationales.<\/p><h5>Article 3 \u2013 Options de livraison<\/h5><p>Nous proposons plusieurs options de livraison pour garantir discr\u00e9tion et rapidit\u00e9 :<\/p><ul><li><strong>Standard<\/strong> : Livraison sous 3 \u00e0 5 jours ouvr\u00e9s<\/li><li><strong>Express<\/strong> : Livraison sous 24 \u00e0 48 heures (suppl\u00e9ment \u00e0 pr\u00e9voir)<\/li><li><strong>Emballage sous vide<\/strong> : Option suppl\u00e9mentaire pour garantir discr\u00e9tion et fra\u00eecheur du produit<\/li><\/ul><h5>Article 4 \u2013 Suivi de commande<\/h5><p>D\u00e8s que votre commande est exp\u00e9di\u00e9e, vous recevrez un num\u00e9ro de suivi par email ou SMS. Vous pourrez suivre l\u2019avancement de la livraison directement sur le site du transporteur.<\/p><h5>Article 5 \u2013 Livraison discr\u00e8te<\/h5><p>Tous nos colis sont exp\u00e9di\u00e9s dans des emballages neutres et discrets, sans indication de l\u2019origine du produit ni du nom du site. Cette mesure garantit la confidentialit\u00e9 de vos achats.<\/p><p>Pour toute question concernant la livraison de votre commande, veuillez nous contacter \u00e0 <strong>[email]<\/strong>.<\/p>\t\t\t\t\t\t\t\t<\/div>\n\t\t\t\t<\/div>\n\t\t\t\t\t<\/div>\n\t\t\t\t<\/div>\n\t\t\t\t<\/div>\n\t\t","protected":false},"excerpt":{"rendered":"<p>Politique de livraison La livraison est un \u00e9l\u00e9ment essentiel de notre service chez Pantiestories.com. Voici les d\u00e9tails sur la mani\u00e8re dont nous traitons et livrons vos commandes. Article 1 \u2013 D\u00e9lais de livraison Nous exp\u00e9dions les commandes toutes les trois semaines depuis la France, apr\u00e8s que les culottes ont \u00e9t\u00e9 pr\u00e9par\u00e9es en Isra\u00ebl. Les d\u00e9lais [&hellip;]<\/p>\n","protected":false},"author":1,"featured_media":0,"parent":0,"menu_order":0,"comment_status":"closed","ping_status":"closed","template":"","meta":{"footnotes":""},"class_list":["post-583","page","type-page","status-publish","hentry"],"_links":{"self":[{"href":"https:\/\/pantiestories.com\/index.php\/wp-json\/wp\/v2\/pages\/583","targetHints":{"allow":["GET"]}}],"collection":[{"href":"https:\/\/pantiestories.com\/index.php\/wp-json\/wp\/v2\/pages"}],"about":[{"href":"https:\/\/pantiestories.com\/index.php\/wp-json\/wp\/v2\/types\/page"}],"author":[{"embeddable":true,"href":"https:\/\/pantiestories.com\/index.php\/wp-json\/wp\/v2\/users\/1"}],"replies":[{"embeddable":true,"href":"https:\/\/pantiestories.com\/index.php\/wp-json\/wp\/v2\/comments?post=583"}],"version-history":[{"count":7,"href":"https:\/\/pantiestories.com\/index.php\/wp-json\/wp\/v2\/pages\/583\/revisions"}],"predecessor-version":[{"id":646,"href":"https:\/\/pantiestories.com\/index.php\/wp-json\/wp\/v2\/pages\/583\/revisions\/646"}],"wp:attachment":[{"href":"https:\/\/pantiestories.com\/index.php\/wp-json\/wp\/v2\/media?parent=583"}],"curies":[{"name":"wp","href":"https:\/\/api.w.org\/{rel}","templated":true}]}}