{"id":581,"date":"2024-09-04T22:57:41","date_gmt":"2024-09-04T20:57:41","guid":{"rendered":"https:\/\/pantiestories.com\/?page_id=581"},"modified":"2024-09-08T16:09:48","modified_gmt":"2024-09-08T14:09:48","slug":"politique-de-retour-et-retractation","status":"publish","type":"page","link":"https:\/\/pantiestories.com\/index.php\/politique-de-retour-et-retractation\/","title":{"rendered":"Politique de retour et r\u00e9tractation"},"content":{"rendered":"\t\t<div data-elementor-type=\"wp-page\" data-elementor-id=\"581\" class=\"elementor elementor-581\" data-elementor-post-type=\"page\">\n\t\t\t\t<div class=\"elementor-element elementor-element-69054178 e-flex e-con-boxed e-con e-parent\" data-id=\"69054178\" data-element_type=\"container\" data-e-type=\"container\">\n\t\t\t\t\t<div class=\"e-con-inner\">\n\t\t\t\t<div class=\"elementor-element elementor-element-292ad9d7 elementor-widget elementor-widget-text-editor\" data-id=\"292ad9d7\" data-element_type=\"widget\" data-e-type=\"widget\" data-widget_type=\"text-editor.default\">\n\t\t\t\t<div class=\"elementor-widget-container\">\n\t\t\t\t\t\t\t\t\t<h1>Politique de retour et r\u00e9tractation<\/h1><p>Conform\u00e9ment \u00e0 la l\u00e9gislation sur la vente \u00e0 distance, nous vous informons des modalit\u00e9s de retour et de r\u00e9tractation applicables aux produits vendus sur <strong>Pantiestories.com<\/strong>.<\/p><h5>Article 1 \u2013 Droit de r\u00e9tractation<\/h5><p>Conform\u00e9ment \u00e0 l\u2019article L.221-28 du Code de la consommation, le droit de r\u00e9tractation ne s\u2019applique pas aux produits personnalis\u00e9s ou aux articles susceptibles de se d\u00e9t\u00e9riorer ou de se p\u00e9rimer rapidement. Par cons\u00e9quent, nos culottes port\u00e9es et personnalis\u00e9es ne peuvent pas faire l\u2019objet d\u2019un retour apr\u00e8s validation de la commande.<\/p><h5>Article 2 \u2013 Produits d\u00e9fectueux ou non conformes<\/h5><p>Si vous recevez un produit d\u00e9fectueux ou non conforme \u00e0 votre commande, vous pouvez nous contacter dans un d\u00e9lai de 14 jours suivant la r\u00e9ception du produit pour organiser un retour ou un \u00e9change.<\/p><h5>Article 3 \u2013 Proc\u00e9dure de retour<\/h5><p>Pour initier une proc\u00e9dure de retour, veuillez nous contacter \u00e0 [email] en indiquant votre num\u00e9ro de commande et le motif du retour. Nous vous fournirons les instructions n\u00e9cessaires pour retourner le produit.<\/p><h5>Article 4 \u2013 Remboursement<\/h5><p>En cas de retour accept\u00e9 (produit d\u00e9fectueux ou non conforme), le remboursement sera effectu\u00e9 dans un d\u00e9lai de 14 jours apr\u00e8s r\u00e9ception du produit retourn\u00e9, via le m\u00eame moyen de paiement utilis\u00e9 lors de l\u2019achat.<\/p><h5>Article 5 \u2013 Frais de retour<\/h5><p>Les frais de retour sont \u00e0 la charge du client, sauf en cas de produit d\u00e9fectueux ou non conforme. Dans ce cas, <strong>Pantiestories.com<\/strong> prendra en charge les frais de retour.<\/p>\t\t\t\t\t\t\t\t<\/div>\n\t\t\t\t<\/div>\n\t\t\t\t\t<\/div>\n\t\t\t\t<\/div>\n\t\t\t\t<\/div>\n\t\t","protected":false},"excerpt":{"rendered":"<p>Politique de retour et r\u00e9tractation Conform\u00e9ment \u00e0 la l\u00e9gislation sur la vente \u00e0 distance, nous vous informons des modalit\u00e9s de retour et de r\u00e9tractation applicables aux produits vendus sur Pantiestories.com. Article 1 \u2013 Droit de r\u00e9tractation Conform\u00e9ment \u00e0 l\u2019article L.221-28 du Code de la consommation, le droit de r\u00e9tractation ne s\u2019applique pas aux produits personnalis\u00e9s [&hellip;]<\/p>\n","protected":false},"author":1,"featured_media":0,"parent":0,"menu_order":0,"comment_status":"closed","ping_status":"closed","template":"","meta":{"footnotes":""},"class_list":["post-581","page","type-page","status-publish","hentry"],"_links":{"self":[{"href":"https:\/\/pantiestories.com\/index.php\/wp-json\/wp\/v2\/pages\/581","targetHints":{"allow":["GET"]}}],"collection":[{"href":"https:\/\/pantiestories.com\/index.php\/wp-json\/wp\/v2\/pages"}],"about":[{"href":"https:\/\/pantiestories.com\/index.php\/wp-json\/wp\/v2\/types\/page"}],"author":[{"embeddable":true,"href":"https:\/\/pantiestories.com\/index.php\/wp-json\/wp\/v2\/users\/1"}],"replies":[{"embeddable":true,"href":"https:\/\/pantiestories.com\/index.php\/wp-json\/wp\/v2\/comments?post=581"}],"version-history":[{"count":4,"href":"https:\/\/pantiestories.com\/index.php\/wp-json\/wp\/v2\/pages\/581\/revisions"}],"predecessor-version":[{"id":649,"href":"https:\/\/pantiestories.com\/index.php\/wp-json\/wp\/v2\/pages\/581\/revisions\/649"}],"wp:attachment":[{"href":"https:\/\/pantiestories.com\/index.php\/wp-json\/wp\/v2\/media?parent=581"}],"curies":[{"name":"wp","href":"https:\/\/api.w.org\/{rel}","templated":true}]}}