{"id":577,"date":"2024-09-04T22:56:30","date_gmt":"2024-09-04T20:56:30","guid":{"rendered":"https:\/\/pantiestories.com\/?page_id=577"},"modified":"2024-09-08T16:03:47","modified_gmt":"2024-09-08T14:03:47","slug":"politique-en-matiere-de-cookies","status":"publish","type":"page","link":"https:\/\/pantiestories.com\/index.php\/politique-en-matiere-de-cookies\/","title":{"rendered":"Politique en mati\u00e8re de cookies"},"content":{"rendered":"\t\t<div data-elementor-type=\"wp-page\" data-elementor-id=\"577\" class=\"elementor elementor-577\" data-elementor-post-type=\"page\">\n\t\t\t\t<div class=\"elementor-element elementor-element-7510e87 e-flex e-con-boxed e-con e-parent\" data-id=\"7510e87\" data-element_type=\"container\" data-e-type=\"container\">\n\t\t\t\t\t<div class=\"e-con-inner\">\n\t\t\t\t<div class=\"elementor-element elementor-element-5714a35b elementor-widget elementor-widget-text-editor\" data-id=\"5714a35b\" data-element_type=\"widget\" data-e-type=\"widget\" data-widget_type=\"text-editor.default\">\n\t\t\t\t<div class=\"elementor-widget-container\">\n\t\t\t\t\t\t\t\t\t<h1>Politique en mati\u00e8re de cookies<\/h1><p>Cette politique explique comment <strong>Pantiestories.com<\/strong> utilise des cookies pour am\u00e9liorer votre exp\u00e9rience sur notre site. En utilisant notre site, vous acceptez l\u2019utilisation de cookies conform\u00e9ment \u00e0 cette politique.<\/p><h5>Article 1 \u2013 Qu\u2019est-ce qu\u2019un cookie ?<\/h5><p>Un cookie est un fichier texte d\u00e9pos\u00e9 sur votre appareil (ordinateur, tablette, smartphone) lorsque vous visitez notre site. Il permet de collecter et stocker des informations sur votre navigation afin de vous offrir une exp\u00e9rience personnalis\u00e9e.<\/p><h5>Article 2 \u2013 Types de cookies utilis\u00e9s<\/h5><p>Nous utilisons diff\u00e9rents types de cookies sur <strong>Pantiestories.com<\/strong> :<\/p><ul><li><strong>Cookies strictement n\u00e9cessaires<\/strong> : Ils sont indispensables au bon fonctionnement du site et ne peuvent \u00eatre d\u00e9sactiv\u00e9s. Ils permettent, par exemple, de se souvenir de vos pr\u00e9f\u00e9rences de navigation.<\/li><li><strong>Cookies de performance<\/strong> : Ils recueillent des informations sur la fa\u00e7on dont vous utilisez notre site, telles que les pages visit\u00e9es. Ces cookies nous aident \u00e0 am\u00e9liorer les performances du site.<\/li><li><strong>Cookies de fonctionnalit\u00e9<\/strong> : Ils permettent de personnaliser votre exp\u00e9rience utilisateur en m\u00e9morisant vos pr\u00e9f\u00e9rences (ex. : langue choisie).<\/li><li><strong>Cookies publicitaires<\/strong> : Ils sont utilis\u00e9s pour vous pr\u00e9senter des publicit\u00e9s pertinentes en fonction de vos int\u00e9r\u00eats.<\/li><\/ul><h5>Article 3 \u2013 Gestion des cookies<\/h5><p>Lors de votre premi\u00e8re visite sur notre site, une banni\u00e8re vous informe de l\u2019utilisation de cookies. Vous pouvez \u00e0 tout moment param\u00e9trer vos pr\u00e9f\u00e9rences de cookies en acc\u00e9dant aux param\u00e8tres de votre navigateur.<\/p><p>Si vous d\u00e9sactivez certains cookies, certaines fonctionnalit\u00e9s du site pourraient ne pas fonctionner correctement.<\/p><h5>Article 4 \u2013 Dur\u00e9e de conservation des cookies<\/h5><p>Les cookies que nous utilisons sont conserv\u00e9s pour une dur\u00e9e maximale de 13 mois, conform\u00e9ment \u00e0 la r\u00e9glementation en vigueur.<\/p><h5>Article 5 \u2013 Vos droits<\/h5><p>Conform\u00e9ment \u00e0 la l\u00e9gislation, vous disposez d\u2019un droit d\u2019acc\u00e8s, de rectification et de suppression des donn\u00e9es collect\u00e9es par les cookies. Vous pouvez exercer ce droit en nous contactant \u00e0 [email].<\/p>\t\t\t\t\t\t\t\t<\/div>\n\t\t\t\t<\/div>\n\t\t\t\t\t<\/div>\n\t\t\t\t<\/div>\n\t\t\t\t<\/div>\n\t\t","protected":false},"excerpt":{"rendered":"<p>Politique en mati\u00e8re de cookies Cette politique explique comment Pantiestories.com utilise des cookies pour am\u00e9liorer votre exp\u00e9rience sur notre site. En utilisant notre site, vous acceptez l\u2019utilisation de cookies conform\u00e9ment \u00e0 cette politique. Article 1 \u2013 Qu\u2019est-ce qu\u2019un cookie ? Un cookie est un fichier texte d\u00e9pos\u00e9 sur votre appareil (ordinateur, tablette, smartphone) lorsque vous [&hellip;]<\/p>\n","protected":false},"author":1,"featured_media":0,"parent":0,"menu_order":0,"comment_status":"closed","ping_status":"closed","template":"","meta":{"footnotes":""},"class_list":["post-577","page","type-page","status-publish","hentry"],"_links":{"self":[{"href":"https:\/\/pantiestories.com\/index.php\/wp-json\/wp\/v2\/pages\/577","targetHints":{"allow":["GET"]}}],"collection":[{"href":"https:\/\/pantiestories.com\/index.php\/wp-json\/wp\/v2\/pages"}],"about":[{"href":"https:\/\/pantiestories.com\/index.php\/wp-json\/wp\/v2\/types\/page"}],"author":[{"embeddable":true,"href":"https:\/\/pantiestories.com\/index.php\/wp-json\/wp\/v2\/users\/1"}],"replies":[{"embeddable":true,"href":"https:\/\/pantiestories.com\/index.php\/wp-json\/wp\/v2\/comments?post=577"}],"version-history":[{"count":4,"href":"https:\/\/pantiestories.com\/index.php\/wp-json\/wp\/v2\/pages\/577\/revisions"}],"predecessor-version":[{"id":616,"href":"https:\/\/pantiestories.com\/index.php\/wp-json\/wp\/v2\/pages\/577\/revisions\/616"}],"wp:attachment":[{"href":"https:\/\/pantiestories.com\/index.php\/wp-json\/wp\/v2\/media?parent=577"}],"curies":[{"name":"wp","href":"https:\/\/api.w.org\/{rel}","templated":true}]}}