{"id":573,"date":"2024-09-04T22:53:47","date_gmt":"2024-09-04T20:53:47","guid":{"rendered":"https:\/\/pantiestories.com\/?page_id=573"},"modified":"2024-09-08T16:06:13","modified_gmt":"2024-09-08T14:06:13","slug":"conditions-generales-de-vente","status":"publish","type":"page","link":"https:\/\/pantiestories.com\/index.php\/conditions-generales-de-vente\/","title":{"rendered":"Conditions G\u00e9n\u00e9rales de Vente"},"content":{"rendered":"\t\t<div data-elementor-type=\"wp-page\" data-elementor-id=\"573\" class=\"elementor elementor-573\" data-elementor-post-type=\"page\">\n\t\t\t\t<div class=\"elementor-element elementor-element-2cde6f0b e-flex e-con-boxed e-con e-parent\" data-id=\"2cde6f0b\" data-element_type=\"container\" data-e-type=\"container\">\n\t\t\t\t\t<div class=\"e-con-inner\">\n\t\t\t\t<div class=\"elementor-element elementor-element-18449bf0 elementor-widget elementor-widget-text-editor\" data-id=\"18449bf0\" data-element_type=\"widget\" data-e-type=\"widget\" data-widget_type=\"text-editor.default\">\n\t\t\t\t<div class=\"elementor-widget-container\">\n\t\t\t\t\t\t\t\t\t<h1>Conditions G\u00e9n\u00e9rales de Vente<\/h1><p>Les pr\u00e9sentes Conditions G\u00e9n\u00e9rales de Vente (CGV) d\u00e9finissent les relations contractuelles entre <strong>Pantiestories.com<\/strong> et ses clients. En passant commande sur notre site, vous acceptez sans r\u00e9serve les conditions ci-dessous.<\/p><h5>Article 1 \u2013 Produits et services<\/h5><p>Les produits vendus sur <strong>Pantiestories.com<\/strong> sont des culottes port\u00e9es et personnalis\u00e9es. Chaque culotte est unique et peut inclure des options suppl\u00e9mentaires telles qu\u2019une personnalisation sc\u00e9naristique, une photo, ou une vid\u00e9o.<\/p><h5>Article 2 \u2013 Prix et paiement<\/h5><p>Les prix sont indiqu\u00e9s en euros et incluent toutes les taxes. Le co\u00fbt des options suppl\u00e9mentaires (ex. : photo, vid\u00e9o) et des frais de livraison est pr\u00e9cis\u00e9 au moment de la commande.<\/p><p>Le paiement est exig\u00e9 au moment de la commande, via les moyens propos\u00e9s (carte bancaire, PayPal, etc.). Aucune commande ne sera trait\u00e9e sans r\u00e9ception du paiement.<\/p><h5>Article 3 \u2013 Commande<\/h5><p>Pour passer commande, le client doit cr\u00e9er un compte en fournissant des informations exactes. Une fois la commande valid\u00e9e, elle est pr\u00e9par\u00e9e dans les d\u00e9lais annonc\u00e9s.<\/p><h5>Article 4 \u2013 Livraison<\/h5><p>Les produits sont exp\u00e9di\u00e9s depuis la France tous les trois semaines. En fonction de votre lieu de r\u00e9sidence, les d\u00e9lais de livraison peuvent varier. Des options d\u2019emballage sous vide sont disponibles pour garantir la discr\u00e9tion.<\/p><h5>Article 5 \u2013 Droit de r\u00e9tractation et retours<\/h5><p>\u00c9tant donn\u00e9 la nature des produits (culottes port\u00e9es et personnalis\u00e9es), aucun droit de r\u00e9tractation ne peut \u00eatre exerc\u00e9 apr\u00e8s validation de la commande. Toutefois, en cas de probl\u00e8me avec votre commande, veuillez nous contacter \u00e0 [email].<\/p><h5>Article 6 \u2013 Garanties<\/h5><p>En cas de d\u00e9faut de conformit\u00e9 ou de probl\u00e8me avec le produit livr\u00e9, le client peut contacter notre service client pour trouver une solution appropri\u00e9e.<\/p><h5>Article 7 \u2013 Propri\u00e9t\u00e9 intellectuelle<\/h5><p>Les histoires, photos, vid\u00e9os et autres contenus li\u00e9s aux produits vendus sur <strong>Pantiestories.com<\/strong> sont prot\u00e9g\u00e9s par le droit d\u2019auteur. Leur utilisation sans autorisation est strictement interdite.<\/p><h5>Article 8 \u2013 Juridiction comp\u00e9tente<\/h5><p>Tout litige relatif \u00e0 la validit\u00e9, l\u2019interpr\u00e9tation, l\u2019ex\u00e9cution ou la r\u00e9siliation des pr\u00e9sentes CGV sera soumis aux juridictions comp\u00e9tentes.<\/p>\t\t\t\t\t\t\t\t<\/div>\n\t\t\t\t<\/div>\n\t\t\t\t\t<\/div>\n\t\t\t\t<\/div>\n\t\t\t\t<\/div>\n\t\t","protected":false},"excerpt":{"rendered":"<p>Conditions G\u00e9n\u00e9rales de Vente Les pr\u00e9sentes Conditions G\u00e9n\u00e9rales de Vente (CGV) d\u00e9finissent les relations contractuelles entre Pantiestories.com et ses clients. En passant commande sur notre site, vous acceptez sans r\u00e9serve les conditions ci-dessous. Article 1 \u2013 Produits et services Les produits vendus sur Pantiestories.com sont des culottes port\u00e9es et personnalis\u00e9es. Chaque culotte est unique et [&hellip;]<\/p>\n","protected":false},"author":1,"featured_media":0,"parent":0,"menu_order":0,"comment_status":"closed","ping_status":"closed","template":"","meta":{"footnotes":""},"class_list":["post-573","page","type-page","status-publish","hentry"],"_links":{"self":[{"href":"https:\/\/pantiestories.com\/index.php\/wp-json\/wp\/v2\/pages\/573","targetHints":{"allow":["GET"]}}],"collection":[{"href":"https:\/\/pantiestories.com\/index.php\/wp-json\/wp\/v2\/pages"}],"about":[{"href":"https:\/\/pantiestories.com\/index.php\/wp-json\/wp\/v2\/types\/page"}],"author":[{"embeddable":true,"href":"https:\/\/pantiestories.com\/index.php\/wp-json\/wp\/v2\/users\/1"}],"replies":[{"embeddable":true,"href":"https:\/\/pantiestories.com\/index.php\/wp-json\/wp\/v2\/comments?post=573"}],"version-history":[{"count":4,"href":"https:\/\/pantiestories.com\/index.php\/wp-json\/wp\/v2\/pages\/573\/revisions"}],"predecessor-version":[{"id":631,"href":"https:\/\/pantiestories.com\/index.php\/wp-json\/wp\/v2\/pages\/573\/revisions\/631"}],"wp:attachment":[{"href":"https:\/\/pantiestories.com\/index.php\/wp-json\/wp\/v2\/media?parent=573"}],"curies":[{"name":"wp","href":"https:\/\/api.w.org\/{rel}","templated":true}]}}